{"id":471,"date":"2025-05-22T14:35:14","date_gmt":"2025-05-22T12:35:14","guid":{"rendered":"https:\/\/saldanhamar.wearespace.dk\/?page_id=471"},"modified":"2026-01-30T21:20:25","modified_gmt":"2026-01-30T20:20:25","slug":"menu","status":"publish","type":"page","link":"https:\/\/saldanhamar.com\/en\/menu\/","title":{"rendered":"Menu"},"content":{"rendered":"<div data-elementor-type=\"wp-page\" data-elementor-id=\"471\" class=\"elementor elementor-471\" data-elementor-post-type=\"page\">\n\t\t\t\t<div class=\"elementor-element elementor-element-d6e9ff7 e-flex e-con-boxed e-con e-parent\" data-id=\"d6e9ff7\" data-element_type=\"container\" data-e-type=\"container\">\n\t\t\t\t\t<div class=\"e-con-inner\">\n\t\t<div class=\"elementor-element elementor-element-2d07a7e e-con-full e-flex e-con e-child\" data-id=\"2d07a7e\" data-element_type=\"container\" data-e-type=\"container\" data-settings=\"{&quot;background_background&quot;:&quot;video&quot;,&quot;background_play_on_mobile&quot;:&quot;yes&quot;}\">\n\t\t\t\t<div class=\"elementor-element elementor-element-91d2007 elementor-widget elementor-widget-video\" data-id=\"91d2007\" data-element_type=\"widget\" data-e-type=\"widget\" data-settings=\"{&quot;video_type&quot;:&quot;hosted&quot;,&quot;autoplay&quot;:&quot;yes&quot;,&quot;play_on_mobile&quot;:&quot;yes&quot;,&quot;mute&quot;:&quot;yes&quot;,&quot;loop&quot;:&quot;yes&quot;}\" data-widget_type=\"video.default\">\n\t\t\t\t\t\t\t<div class=\"e-hosted-video elementor-wrapper elementor-open-inline\">\n\t\t\t\t\t<video class=\"elementor-video\" src=\"https:\/\/saldanhamar.com\/wp-content\/uploads\/2025\/09\/novo-menu-video-geral-sem-legendas.mp4\" autoplay=\"\" loop=\"\" muted=\"muted\" playsinline=\"\" controlslist=\"nodownload\"><\/video>\n\t\t\t\t<\/div>\n\t\t\t\t\t\t<\/div>\n\t\t\t\t<\/div>\n\t\t<div class=\"elementor-element elementor-element-8bfaece e-con-full e-flex e-con e-child\" data-id=\"8bfaece\" data-element_type=\"container\" data-e-type=\"container\">\n\t\t\t\t<div class=\"elementor-element elementor-element-1586c16 elementor-widget elementor-widget-heading\" data-id=\"1586c16\" data-element_type=\"widget\" data-e-type=\"widget\" data-widget_type=\"heading.default\">\n\t\t\t\t\t<h1 class=\"elementor-heading-title elementor-size-default\">MENU<\/h1>\t\t\t\t<\/div>\n\t\t\t\t<div class=\"elementor-element elementor-element-3987c54 elementor-widget elementor-widget-text-editor\" data-id=\"3987c54\" data-element_type=\"widget\" data-e-type=\"widget\" data-widget_type=\"text-editor.default\">\n\t\t\t\t\t\t\t\t\t<p>The Saldanha Mar menu reflects Chef F\u00e1bio\u2019s vision: Portuguese and Mediterranean cuisine made with local, seasonal, and full-of-character ingredients.<br \/>Fresh fish, seasonal vegetables, and vegetarian options are crafted with skill and sensitivity, always using sustainably sourced products from Mercado 31 de Janeiro, right across from the restaurant.<br \/>The result is an authentic, honest, and full-flavored cuisine.<\/p>\t\t\t\t\t\t\t\t<\/div>\n\t\t\t\t<\/div>\n\t\t\t\t\t<\/div>\n\t\t\t\t<\/div>\n\t\t<div class=\"elementor-element elementor-element-ce780c2 e-flex e-con-boxed e-con e-parent\" data-id=\"ce780c2\" data-element_type=\"container\" data-e-type=\"container\">\n\t\t\t\t\t<div class=\"e-con-inner\">\n\t\t\t\t<div class=\"elementor-element elementor-element-61029d9 elementor-widget elementor-widget-heading\" data-id=\"61029d9\" data-element_type=\"widget\" data-e-type=\"widget\" data-widget_type=\"heading.default\">\n\t\t\t\t\t<h2 class=\"elementor-heading-title elementor-size-default\">Flavors from Our Kitchen<\/h2>\t\t\t\t<\/div>\n\t\t\t\t<div class=\"elementor-element elementor-element-a6cb401 elementor-widget-divider--view-line elementor-widget elementor-widget-divider\" data-id=\"a6cb401\" data-element_type=\"widget\" data-e-type=\"widget\" data-widget_type=\"divider.default\">\n\t\t\t\t\t\t\t<div class=\"elementor-divider\">\n\t\t\t<span class=\"elementor-divider-separator\">\n\t\t\t\t\t\t<\/span>\n\t\t<\/div>\n\t\t\t\t\t\t<\/div>\n\t\t<a class=\"elementor-element elementor-element-54570f2 e-con-full e-flex e-con e-child\" data-id=\"54570f2\" data-element_type=\"container\" data-e-type=\"container\" href=\"https:\/\/saldanhamar.com\/en\/menu-saldanha-mar-doubletree-lisbon-2\/\" target=\"_blank\">\n\t\t\t\t<div class=\"elementor-element elementor-element-6c233b3 elementor-widget elementor-widget-heading\" data-id=\"6c233b3\" data-element_type=\"widget\" data-e-type=\"widget\" data-widget_type=\"heading.default\">\n\t\t\t\t\t<h2 class=\"elementor-heading-title elementor-size-default\">MENU SALDANHA MAR<\/h2>\t\t\t\t<\/div>\n\t\t\t\t<div class=\"elementor-element elementor-element-e22a7db elementor-view-default elementor-widget elementor-widget-icon\" data-id=\"e22a7db\" data-element_type=\"widget\" data-e-type=\"widget\" data-widget_type=\"icon.default\">\n\t\t\t\t\t\t\t<div class=\"elementor-icon-wrapper\">\n\t\t\t<div class=\"elementor-icon\">\n\t\t\t<svg xmlns=\"http:\/\/www.w3.org\/2000\/svg\" xmlns:xlink=\"http:\/\/www.w3.org\/1999\/xlink\" fill=\"#1E5A8C\" height=\"800px\" width=\"800px\" id=\"Icons\" viewbox=\"0 0 32.00 32.00\" xml:space=\"preserve\" transform=\"rotate(-45)\" stroke=\"#1E5A8C\" stroke-width=\"0.00032\"><g id=\"SVGRepo_bgCarrier\" stroke-width=\"0\"><\/g><g id=\"SVGRepo_tracerCarrier\" stroke-linecap=\"round\" stroke-linejoin=\"round\" stroke=\"#CCCCCC\" stroke-width=\"1.6640000000000001\"><\/g><g id=\"SVGRepo_iconCarrier\"> <g> <path d=\"M21,23c-0.3,0-0.5-0.1-0.7-0.3c-0.4-0.4-0.4-1,0-1.4l5.3-5.3l-5.3-5.3c-0.4-0.4-0.4-1,0-1.4s1-0.4,1.4,0l6,6 c0.4,0.4,0.4,1,0,1.4l-6,6C21.5,22.9,21.3,23,21,23z\"><\/path> <\/g> <g> <path d=\"M27,17H5c-0.6,0-1-0.4-1-1s0.4-1,1-1h22c0.6,0,1,0.4,1,1S27.6,17,27,17z\"><\/path> <\/g> <\/g><\/svg>\t\t\t<\/div>\n\t\t<\/div>\n\t\t\t\t\t\t<\/div>\n\t\t\t\t<\/a>\n\t\t\t\t<div class=\"elementor-element elementor-element-585efba elementor-widget-divider--view-line elementor-widget elementor-widget-divider\" data-id=\"585efba\" data-element_type=\"widget\" data-e-type=\"widget\" data-widget_type=\"divider.default\">\n\t\t\t\t\t\t\t<div class=\"elementor-divider\">\n\t\t\t<span class=\"elementor-divider-separator\">\n\t\t\t\t\t\t<\/span>\n\t\t<\/div>\n\t\t\t\t\t\t<\/div>\n\t\t<a class=\"elementor-element elementor-element-dce7e6c e-con-full e-flex e-con e-child\" data-id=\"dce7e6c\" data-element_type=\"container\" data-e-type=\"container\" href=\"https:\/\/saldanhamar.com\/en\/carta-de-vinhos-q3-2025-julho-online\/\" target=\"_blank\">\n\t\t\t\t<div class=\"elementor-element elementor-element-de8ea6b elementor-widget elementor-widget-heading\" data-id=\"de8ea6b\" data-element_type=\"widget\" data-e-type=\"widget\" data-widget_type=\"heading.default\">\n\t\t\t\t\t<h2 class=\"elementor-heading-title elementor-size-default\">WINE LIST 25<\/h2>\t\t\t\t<\/div>\n\t\t\t\t<div class=\"elementor-element elementor-element-485309a elementor-view-default elementor-widget elementor-widget-icon\" data-id=\"485309a\" data-element_type=\"widget\" data-e-type=\"widget\" data-widget_type=\"icon.default\">\n\t\t\t\t\t\t\t<div class=\"elementor-icon-wrapper\">\n\t\t\t<div class=\"elementor-icon\">\n\t\t\t<svg xmlns=\"http:\/\/www.w3.org\/2000\/svg\" xmlns:xlink=\"http:\/\/www.w3.org\/1999\/xlink\" fill=\"#1E5A8C\" height=\"800px\" width=\"800px\" id=\"Icons\" viewbox=\"0 0 32.00 32.00\" xml:space=\"preserve\" transform=\"rotate(-45)\" stroke=\"#1E5A8C\" stroke-width=\"0.00032\"><g id=\"SVGRepo_bgCarrier\" stroke-width=\"0\"><\/g><g id=\"SVGRepo_tracerCarrier\" stroke-linecap=\"round\" stroke-linejoin=\"round\" stroke=\"#CCCCCC\" stroke-width=\"1.6640000000000001\"><\/g><g id=\"SVGRepo_iconCarrier\"> <g> <path d=\"M21,23c-0.3,0-0.5-0.1-0.7-0.3c-0.4-0.4-0.4-1,0-1.4l5.3-5.3l-5.3-5.3c-0.4-0.4-0.4-1,0-1.4s1-0.4,1.4,0l6,6 c0.4,0.4,0.4,1,0,1.4l-6,6C21.5,22.9,21.3,23,21,23z\"><\/path> <\/g> <g> <path d=\"M27,17H5c-0.6,0-1-0.4-1-1s0.4-1,1-1h22c0.6,0,1,0.4,1,1S27.6,17,27,17z\"><\/path> <\/g> <\/g><\/svg>\t\t\t<\/div>\n\t\t<\/div>\n\t\t\t\t\t\t<\/div>\n\t\t\t\t<\/a>\n\t\t\t\t<div class=\"elementor-element elementor-element-a2d8a68 elementor-widget-divider--view-line elementor-widget elementor-widget-divider\" data-id=\"a2d8a68\" data-element_type=\"widget\" data-e-type=\"widget\" data-widget_type=\"divider.default\">\n\t\t\t\t\t\t\t<div class=\"elementor-divider\">\n\t\t\t<span class=\"elementor-divider-separator\">\n\t\t\t\t\t\t<\/span>\n\t\t<\/div>\n\t\t\t\t\t\t<\/div>\n\t\t<a class=\"elementor-element elementor-element-2e4942d e-con-full elementor-hidden-desktop elementor-hidden-laptop elementor-hidden-tablet elementor-hidden-mobile e-flex e-con e-child\" data-id=\"2e4942d\" data-element_type=\"container\" data-e-type=\"container\">\n\t\t\t\t<div class=\"elementor-element elementor-element-1a0fdeb elementor-widget elementor-widget-heading\" data-id=\"1a0fdeb\" data-element_type=\"widget\" data-e-type=\"widget\" data-widget_type=\"heading.default\">\n\t\t\t\t\t<h2 class=\"elementor-heading-title elementor-size-default\">LUNCH BUFFET<\/h2>\t\t\t\t<\/div>\n\t\t\t\t<div class=\"elementor-element elementor-element-900ddbb elementor-view-default elementor-widget elementor-widget-icon\" data-id=\"900ddbb\" data-element_type=\"widget\" data-e-type=\"widget\" data-widget_type=\"icon.default\">\n\t\t\t\t\t\t\t<div class=\"elementor-icon-wrapper\">\n\t\t\t<div class=\"elementor-icon\">\n\t\t\t<svg xmlns=\"http:\/\/www.w3.org\/2000\/svg\" xmlns:xlink=\"http:\/\/www.w3.org\/1999\/xlink\" fill=\"#1E5A8C\" height=\"800px\" width=\"800px\" id=\"Icons\" viewbox=\"0 0 32.00 32.00\" xml:space=\"preserve\" transform=\"rotate(-45)\" stroke=\"#1E5A8C\" stroke-width=\"0.00032\"><g id=\"SVGRepo_bgCarrier\" stroke-width=\"0\"><\/g><g id=\"SVGRepo_tracerCarrier\" stroke-linecap=\"round\" stroke-linejoin=\"round\" stroke=\"#CCCCCC\" stroke-width=\"1.6640000000000001\"><\/g><g id=\"SVGRepo_iconCarrier\"> <g> <path d=\"M21,23c-0.3,0-0.5-0.1-0.7-0.3c-0.4-0.4-0.4-1,0-1.4l5.3-5.3l-5.3-5.3c-0.4-0.4-0.4-1,0-1.4s1-0.4,1.4,0l6,6 c0.4,0.4,0.4,1,0,1.4l-6,6C21.5,22.9,21.3,23,21,23z\"><\/path> <\/g> <g> <path d=\"M27,17H5c-0.6,0-1-0.4-1-1s0.4-1,1-1h22c0.6,0,1,0.4,1,1S27.6,17,27,17z\"><\/path> <\/g> <\/g><\/svg>\t\t\t<\/div>\n\t\t<\/div>\n\t\t\t\t\t\t<\/div>\n\t\t\t\t<\/a>\n\t\t\t\t\t<\/div>\n\t\t\t\t<\/div>\n\t\t<div class=\"elementor-element elementor-element-017c56d e-flex e-con-boxed e-con e-parent\" data-id=\"017c56d\" data-element_type=\"container\" data-e-type=\"container\">\n\t\t\t\t\t<div class=\"e-con-inner\">\n\t\t<div class=\"elementor-element elementor-element-8a0361b e-con-full e-flex e-con e-child\" data-id=\"8a0361b\" data-element_type=\"container\" data-e-type=\"container\" data-settings=\"{&quot;background_background&quot;:&quot;classic&quot;}\">\n\t\t\t\t<\/div>\n\t\t<div class=\"elementor-element elementor-element-41d4357 e-con-full e-flex e-con e-child\" data-id=\"41d4357\" data-element_type=\"container\" data-e-type=\"container\">\n\t\t\t\t<div class=\"elementor-element elementor-element-6f090eb elementor-widget elementor-widget-heading\" data-id=\"6f090eb\" data-element_type=\"widget\" data-e-type=\"widget\" data-widget_type=\"heading.default\">\n\t\t\t\t\t<h2 class=\"elementor-heading-title elementor-size-default\">AN EXPERIENCE THAT BEGINS AT THE MARKET<\/h2>\t\t\t\t<\/div>\n\t\t\t\t<div class=\"elementor-element elementor-element-0464285 elementor-widget elementor-widget-text-editor\" data-id=\"0464285\" data-element_type=\"widget\" data-e-type=\"widget\" data-widget_type=\"text-editor.default\">\n\t\t\t\t\t\t\t\t\t<p>Our menu is born daily from what the land and sea offer us \u2014 and Mercado 31 de Janeiro is the link connecting local producers to our kitchen.<br \/>We work with fresh, seasonal, and sustainable ingredients, respecting the timing of the foods and the origin of the products.<br \/>Each dish reflects a commitment to flavor, the environment, and the identity of Portuguese and Mediterranean cuisine.<\/p>\t\t\t\t\t\t\t\t<\/div>\n\t\t\t\t<div class=\"elementor-element elementor-element-6540e24 sevenrooms-trigger elementor-widget elementor-widget-global elementor-global-551 elementor-widget-button\" data-id=\"6540e24\" data-element_type=\"widget\" data-e-type=\"widget\" data-widget_type=\"button.default\">\n\t\t\t\t\t\t\t\t\t\t<a class=\"elementor-button elementor-size-sm\" role=\"button\">\n\t\t\t\t\t\t<span class=\"elementor-button-content-wrapper\">\n\t\t\t\t\t\t\t\t\t<span class=\"elementor-button-text\">BOOK A TABLE<\/span>\n\t\t\t\t\t<\/span>\n\t\t\t\t\t<\/a>\n\t\t\t\t\t\t\t\t<\/div>\n\t\t\t\t<\/div>\n\t\t\t\t\t<\/div>\n\t\t\t\t<\/div>\n\t\t<div class=\"elementor-element elementor-element-7c84d45 e-flex e-con-boxed e-con e-parent\" data-id=\"7c84d45\" data-element_type=\"container\" data-e-type=\"container\">\n\t\t\t\t\t<div class=\"e-con-inner\">\n\t\t<div class=\"elementor-element elementor-element-4464c11 e-con-full e-flex e-con e-child\" data-id=\"4464c11\" data-element_type=\"container\" data-e-type=\"container\">\n\t\t\t\t<div class=\"elementor-element elementor-element-a5d63f3 elementor-widget elementor-widget-heading\" data-id=\"a5d63f3\" data-element_type=\"widget\" data-e-type=\"widget\" data-widget_type=\"heading.default\">\n\t\t\t\t\t<h2 class=\"elementor-heading-title elementor-size-default\">THE ART OF WINE<\/h2>\t\t\t\t<\/div>\n\t\t\t\t<div class=\"elementor-element elementor-element-1e52e7f elementor-widget elementor-widget-text-editor\" data-id=\"1e52e7f\" data-element_type=\"widget\" data-e-type=\"widget\" data-widget_type=\"text-editor.default\">\n\t\t\t\t\t\t\t\t\t<p>At Saldanha Mar, wine is an integral part of the experience. Our wine list features excellent national labels, carefully selected to enhance the authentic flavors of our menu.<br \/>From elegant whites to intense reds, we offer pairings that respect the identity of each dish and celebrate the richness of Portuguese winemaking.<\/p>\t\t\t\t\t\t\t\t<\/div>\n\t\t\t\t<div class=\"elementor-element elementor-element-4507e41 elementor-widget elementor-widget-button\" data-id=\"4507e41\" data-element_type=\"widget\" data-e-type=\"widget\" data-widget_type=\"button.default\">\n\t\t\t\t\t\t\t\t\t\t<a class=\"elementor-button elementor-button-link elementor-size-sm\" href=\"https:\/\/saldanhamar.com\/en\/carta-de-vinhos-q3-2025-julho-online\/\" target=\"_blank\">\n\t\t\t\t\t\t<span class=\"elementor-button-content-wrapper\">\n\t\t\t\t\t\t\t\t\t<span class=\"elementor-button-text\">VIEW WINE<\/span>\n\t\t\t\t\t<\/span>\n\t\t\t\t\t<\/a>\n\t\t\t\t\t\t\t\t<\/div>\n\t\t\t\t<\/div>\n\t\t<div class=\"elementor-element elementor-element-d333c6d e-con-full e-flex e-con e-child\" data-id=\"d333c6d\" data-element_type=\"container\" data-e-type=\"container\" data-settings=\"{&quot;background_background&quot;:&quot;classic&quot;}\">\n\t\t\t\t<\/div>\n\t\t\t\t\t<\/div>\n\t\t\t\t<\/div>\n\t\t<div class=\"elementor-element elementor-element-a367602 e-flex e-con-boxed e-con e-parent\" data-id=\"a367602\" data-element_type=\"container\" data-e-type=\"container\">\n\t\t\t\t\t<div class=\"e-con-inner\">\n\t\t<div class=\"elementor-element elementor-element-5744078 e-con-full e-flex e-con e-child\" data-id=\"5744078\" data-element_type=\"container\" data-e-type=\"container\" data-settings=\"{&quot;background_background&quot;:&quot;classic&quot;}\">\n\t\t\t\t<\/div>\n\t\t<div class=\"elementor-element elementor-element-7ec5659 e-con-full e-flex e-con e-child\" data-id=\"7ec5659\" data-element_type=\"container\" data-e-type=\"container\">\n\t\t\t\t<div class=\"elementor-element elementor-element-14209b1 elementor-widget elementor-widget-heading\" data-id=\"14209b1\" data-element_type=\"widget\" data-e-type=\"widget\" data-widget_type=\"heading.default\">\n\t\t\t\t\t<h2 class=\"elementor-heading-title elementor-size-default\">CUISINE WITH PORTUGUESE IDENTITY<\/h2>\t\t\t\t<\/div>\n\t\t\t\t<div class=\"elementor-element elementor-element-3948aca elementor-widget elementor-widget-text-editor\" data-id=\"3948aca\" data-element_type=\"widget\" data-e-type=\"widget\" data-widget_type=\"text-editor.default\">\n\t\t\t\t\t\t\t\t\t<p>Inspired by the flavors of the sea and land, we create dishes that combine technique, freshness, and a deep connection to the national culinary culture.<br \/>On the plate, this translates into balance, intensity, and respect for each ingredient.<\/p>\t\t\t\t\t\t\t\t<\/div>\n\t\t\t\t<div class=\"elementor-element elementor-element-3bfe842 elementor-widget elementor-widget-button\" data-id=\"3bfe842\" data-element_type=\"widget\" data-e-type=\"widget\" data-widget_type=\"button.default\">\n\t\t\t\t\t\t\t\t\t\t<a class=\"elementor-button elementor-button-link elementor-size-sm\" href=\"https:\/\/saldanhamar.com\/en\/menu-saldanha-mar-doubletree-lisbon-2\/\" target=\"_blank\">\n\t\t\t\t\t\t<span class=\"elementor-button-content-wrapper\">\n\t\t\t\t\t\t\t\t\t<span class=\"elementor-button-text\">VIEW MENU<\/span>\n\t\t\t\t\t<\/span>\n\t\t\t\t\t<\/a>\n\t\t\t\t\t\t\t\t<\/div>\n\t\t\t\t<\/div>\n\t\t\t\t\t<\/div>\n\t\t\t\t<\/div>\n\t\t<div class=\"elementor-element elementor-element-56d362c e-flex e-con-boxed e-con e-parent\" data-id=\"56d362c\" data-element_type=\"container\" data-e-type=\"container\">\n\t\t\t\t\t<div class=\"e-con-inner\">\n\t\t<div class=\"elementor-element elementor-element-c791b9b e-con-full e-flex e-con e-child\" data-id=\"c791b9b\" data-element_type=\"container\" data-e-type=\"container\">\n\t\t\t\t<div class=\"elementor-element elementor-element-06b9852 elementor-widget elementor-widget-heading\" data-id=\"06b9852\" data-element_type=\"widget\" data-e-type=\"widget\" data-widget_type=\"heading.default\">\n\t\t\t\t\t<h2 class=\"elementor-heading-title elementor-size-default\">A CULINARY EXPERIENCE TO BE ENJOYED AT A LEISURELY PACE<\/h2>\t\t\t\t<\/div>\n\t\t\t\t<div class=\"elementor-element elementor-element-861ff48 elementor-widget elementor-widget-text-editor\" data-id=\"861ff48\" data-element_type=\"widget\" data-e-type=\"widget\" data-widget_type=\"text-editor.default\">\n\t\t\t\t\t\t\t\t\t<p>From the serene atmosphere with natural light streaming through the windows, to the terrace and the comfortable interior, everything at Saldanha Mar invites you to relax and enjoy.<br \/>We combine a thoughtfully designed space, professional service, and available parking, so nothing stands between you and your meal.<br \/>Here, comfort is not a detail \u2014 it\u2019s an essential part of the experience.<\/p>\t\t\t\t\t\t\t\t<\/div>\n\t\t\t\t<div class=\"elementor-element elementor-element-2f8c198 sevenrooms-trigger elementor-widget elementor-widget-global elementor-global-551 elementor-widget-button\" data-id=\"2f8c198\" data-element_type=\"widget\" data-e-type=\"widget\" data-widget_type=\"button.default\">\n\t\t\t\t\t\t\t\t\t\t<a class=\"elementor-button elementor-size-sm\" role=\"button\">\n\t\t\t\t\t\t<span class=\"elementor-button-content-wrapper\">\n\t\t\t\t\t\t\t\t\t<span class=\"elementor-button-text\">BOOK A TABLE<\/span>\n\t\t\t\t\t<\/span>\n\t\t\t\t\t<\/a>\n\t\t\t\t\t\t\t\t<\/div>\n\t\t\t\t<\/div>\n\t\t<div class=\"elementor-element elementor-element-609a45c e-con-full e-flex e-con e-child\" data-id=\"609a45c\" data-element_type=\"container\" data-e-type=\"container\" data-settings=\"{&quot;background_background&quot;:&quot;classic&quot;}\">\n\t\t\t\t<\/div>\n\t\t\t\t\t<\/div>\n\t\t\t\t<\/div>\n\t\t\t\t<\/div>","protected":false},"excerpt":{"rendered":"<p>https:\/\/saldanhamar.com\/wp-content\/uploads\/2025\/09\/novo-menu-video-geral-sem-legendas.mp4 MENU O Menu do Saldanha Mar reflete a vis\u00e3o do Chef F\u00e1bio: uma cozinha portuguesa e mediterr\u00e2nica feita com ingredientes locais, sazonais e cheios de car\u00e1cter.Peixe fresco, legumes da \u00e9poca e op\u00e7\u00f5es vegetarianas s\u00e3o trabalhados com t\u00e9cnica e sensibilidade, sempre com produtos adquiridos de forma sustent\u00e1vel no Mercado 31 de Janeiro, mesmo em frente [&hellip;]<\/p>","protected":false},"author":1,"featured_media":0,"parent":0,"menu_order":0,"comment_status":"closed","ping_status":"closed","template":"","meta":{"footnotes":""},"class_list":["post-471","page","type-page","status-publish","hentry"],"yoast_head":"<!-- This site is optimized with the Yoast SEO plugin v27.4 - https:\/\/yoast.com\/product\/yoast-seo-wordpress\/ -->\n<title>Menu - Saldanha Mar<\/title>\n<meta name=\"robots\" content=\"index, follow, max-snippet:-1, max-image-preview:large, max-video-preview:-1\" \/>\n<link rel=\"canonical\" href=\"https:\/\/saldanhamar.com\/en\/menu\/\" \/>\n<meta property=\"og:locale\" content=\"en_US\" \/>\n<meta property=\"og:type\" content=\"article\" \/>\n<meta property=\"og:title\" content=\"Menu - Saldanha Mar\" \/>\n<meta property=\"og:description\" content=\"https:\/\/saldanhamar.com\/wp-content\/uploads\/2025\/09\/novo-menu-video-geral-sem-legendas.mp4 MENU O Menu do Saldanha Mar reflete a vis\u00e3o do Chef F\u00e1bio: uma cozinha portuguesa e mediterr\u00e2nica feita com ingredientes locais, sazonais e cheios de car\u00e1cter.Peixe fresco, legumes da \u00e9poca e op\u00e7\u00f5es vegetarianas s\u00e3o trabalhados com t\u00e9cnica e sensibilidade, sempre com produtos adquiridos de forma sustent\u00e1vel no Mercado 31 de Janeiro, mesmo em frente [&hellip;]\" \/>\n<meta property=\"og:url\" content=\"https:\/\/saldanhamar.com\/en\/menu\/\" \/>\n<meta property=\"og:site_name\" content=\"Saldanha Mar\" \/>\n<meta property=\"article:modified_time\" content=\"2026-01-30T20:20:25+00:00\" \/>\n<meta name=\"twitter:card\" content=\"summary_large_image\" \/>\n<meta name=\"twitter:label1\" content=\"Est. reading time\" \/>\n\t<meta name=\"twitter:data1\" content=\"2 minutes\" \/>\n<script type=\"application\/ld+json\" class=\"yoast-schema-graph\">{\"@context\":\"https:\\\/\\\/schema.org\",\"@graph\":[{\"@type\":\"WebPage\",\"@id\":\"https:\\\/\\\/saldanhamar.com\\\/menu\\\/\",\"url\":\"https:\\\/\\\/saldanhamar.com\\\/menu\\\/\",\"name\":\"Menu - Saldanha Mar\",\"isPartOf\":{\"@id\":\"https:\\\/\\\/saldanhamar.com\\\/#website\"},\"datePublished\":\"2025-05-22T12:35:14+00:00\",\"dateModified\":\"2026-01-30T20:20:25+00:00\",\"breadcrumb\":{\"@id\":\"https:\\\/\\\/saldanhamar.com\\\/menu\\\/#breadcrumb\"},\"inLanguage\":\"en-US\",\"potentialAction\":[{\"@type\":\"ReadAction\",\"target\":[\"https:\\\/\\\/saldanhamar.com\\\/menu\\\/\"]}]},{\"@type\":\"BreadcrumbList\",\"@id\":\"https:\\\/\\\/saldanhamar.com\\\/menu\\\/#breadcrumb\",\"itemListElement\":[{\"@type\":\"ListItem\",\"position\":1,\"name\":\"Hjem\",\"item\":\"https:\\\/\\\/saldanhamar.com\\\/\"},{\"@type\":\"ListItem\",\"position\":2,\"name\":\"Menu\"}]},{\"@type\":\"WebSite\",\"@id\":\"https:\\\/\\\/saldanhamar.com\\\/#website\",\"url\":\"https:\\\/\\\/saldanhamar.com\\\/\",\"name\":\"Saldanha Mar\",\"description\":\"Restaurante &amp; Esplanada\",\"publisher\":{\"@id\":\"https:\\\/\\\/saldanhamar.com\\\/#organization\"},\"potentialAction\":[{\"@type\":\"SearchAction\",\"target\":{\"@type\":\"EntryPoint\",\"urlTemplate\":\"https:\\\/\\\/saldanhamar.com\\\/?s={search_term_string}\"},\"query-input\":{\"@type\":\"PropertyValueSpecification\",\"valueRequired\":true,\"valueName\":\"search_term_string\"}}],\"inLanguage\":\"en-US\"},{\"@type\":\"Organization\",\"@id\":\"https:\\\/\\\/saldanhamar.com\\\/#organization\",\"name\":\"Saldanha Mar\",\"url\":\"https:\\\/\\\/saldanhamar.com\\\/\",\"logo\":{\"@type\":\"ImageObject\",\"inLanguage\":\"en-US\",\"@id\":\"https:\\\/\\\/saldanhamar.com\\\/#\\\/schema\\\/logo\\\/image\\\/\",\"url\":\"https:\\\/\\\/saldanhamar.com\\\/wp-content\\\/uploads\\\/2025\\\/04\\\/Aktiv-2.png\",\"contentUrl\":\"https:\\\/\\\/saldanhamar.com\\\/wp-content\\\/uploads\\\/2025\\\/04\\\/Aktiv-2.png\",\"width\":1018,\"height\":146,\"caption\":\"Saldanha Mar\"},\"image\":{\"@id\":\"https:\\\/\\\/saldanhamar.com\\\/#\\\/schema\\\/logo\\\/image\\\/\"}}]}<\/script>\n<!-- \/ Yoast SEO plugin. -->","yoast_head_json":{"title":"Menu - Saldanha Mar","robots":{"index":"index","follow":"follow","max-snippet":"max-snippet:-1","max-image-preview":"max-image-preview:large","max-video-preview":"max-video-preview:-1"},"canonical":"https:\/\/saldanhamar.com\/en\/menu\/","og_locale":"en_US","og_type":"article","og_title":"Menu - Saldanha Mar","og_description":"https:\/\/saldanhamar.com\/wp-content\/uploads\/2025\/09\/novo-menu-video-geral-sem-legendas.mp4 MENU O Menu do Saldanha Mar reflete a vis\u00e3o do Chef F\u00e1bio: uma cozinha portuguesa e mediterr\u00e2nica feita com ingredientes locais, sazonais e cheios de car\u00e1cter.Peixe fresco, legumes da \u00e9poca e op\u00e7\u00f5es vegetarianas s\u00e3o trabalhados com t\u00e9cnica e sensibilidade, sempre com produtos adquiridos de forma sustent\u00e1vel no Mercado 31 de Janeiro, mesmo em frente [&hellip;]","og_url":"https:\/\/saldanhamar.com\/en\/menu\/","og_site_name":"Saldanha Mar","article_modified_time":"2026-01-30T20:20:25+00:00","twitter_card":"summary_large_image","twitter_misc":{"Est. reading time":"2 minutes"},"schema":{"@context":"https:\/\/schema.org","@graph":[{"@type":"WebPage","@id":"https:\/\/saldanhamar.com\/menu\/","url":"https:\/\/saldanhamar.com\/menu\/","name":"Menu - Saldanha Mar","isPartOf":{"@id":"https:\/\/saldanhamar.com\/#website"},"datePublished":"2025-05-22T12:35:14+00:00","dateModified":"2026-01-30T20:20:25+00:00","breadcrumb":{"@id":"https:\/\/saldanhamar.com\/menu\/#breadcrumb"},"inLanguage":"en-US","potentialAction":[{"@type":"ReadAction","target":["https:\/\/saldanhamar.com\/menu\/"]}]},{"@type":"BreadcrumbList","@id":"https:\/\/saldanhamar.com\/menu\/#breadcrumb","itemListElement":[{"@type":"ListItem","position":1,"name":"Hjem","item":"https:\/\/saldanhamar.com\/"},{"@type":"ListItem","position":2,"name":"Menu"}]},{"@type":"WebSite","@id":"https:\/\/saldanhamar.com\/#website","url":"https:\/\/saldanhamar.com\/","name":"Saldanha Mar","description":"Restaurante &amp; Esplanada","publisher":{"@id":"https:\/\/saldanhamar.com\/#organization"},"potentialAction":[{"@type":"SearchAction","target":{"@type":"EntryPoint","urlTemplate":"https:\/\/saldanhamar.com\/?s={search_term_string}"},"query-input":{"@type":"PropertyValueSpecification","valueRequired":true,"valueName":"search_term_string"}}],"inLanguage":"en-US"},{"@type":"Organization","@id":"https:\/\/saldanhamar.com\/#organization","name":"Saldanha Mar","url":"https:\/\/saldanhamar.com\/","logo":{"@type":"ImageObject","inLanguage":"en-US","@id":"https:\/\/saldanhamar.com\/#\/schema\/logo\/image\/","url":"https:\/\/saldanhamar.com\/wp-content\/uploads\/2025\/04\/Aktiv-2.png","contentUrl":"https:\/\/saldanhamar.com\/wp-content\/uploads\/2025\/04\/Aktiv-2.png","width":1018,"height":146,"caption":"Saldanha Mar"},"image":{"@id":"https:\/\/saldanhamar.com\/#\/schema\/logo\/image\/"}}]}},"_links":{"self":[{"href":"https:\/\/saldanhamar.com\/en\/wp-json\/wp\/v2\/pages\/471","targetHints":{"allow":["GET"]}}],"collection":[{"href":"https:\/\/saldanhamar.com\/en\/wp-json\/wp\/v2\/pages"}],"about":[{"href":"https:\/\/saldanhamar.com\/en\/wp-json\/wp\/v2\/types\/page"}],"author":[{"embeddable":true,"href":"https:\/\/saldanhamar.com\/en\/wp-json\/wp\/v2\/users\/1"}],"replies":[{"embeddable":true,"href":"https:\/\/saldanhamar.com\/en\/wp-json\/wp\/v2\/comments?post=471"}],"version-history":[{"count":123,"href":"https:\/\/saldanhamar.com\/en\/wp-json\/wp\/v2\/pages\/471\/revisions"}],"predecessor-version":[{"id":2005,"href":"https:\/\/saldanhamar.com\/en\/wp-json\/wp\/v2\/pages\/471\/revisions\/2005"}],"wp:attachment":[{"href":"https:\/\/saldanhamar.com\/en\/wp-json\/wp\/v2\/media?parent=471"}],"curies":[{"name":"wp","href":"https:\/\/api.w.org\/{rel}","templated":true}]}}